{"id":31,"date":"2024-11-02T11:19:51","date_gmt":"2024-11-02T11:19:51","guid":{"rendered":"http:\/\/www.erfacam.com\/?page_id=31"},"modified":"2024-11-02T12:45:08","modified_gmt":"2024-11-02T12:45:08","slug":"isicam","status":"publish","type":"page","link":"http:\/\/www.erfacam.com\/?page_id=31","title":{"rendered":"Is\u0131cam"},"content":{"rendered":"\t\t<div data-elementor-type=\"wp-page\" data-elementor-id=\"31\" class=\"elementor elementor-31\" data-elementor-post-type=\"page\">\n\t\t\t\t<div class=\"elementor-element elementor-element-62f6192 e-flex e-con-boxed e-con e-parent\" data-id=\"62f6192\" data-element_type=\"container\" data-e-type=\"container\">\n\t\t\t\t\t<div class=\"e-con-inner\">\n\t\t\t\t<div class=\"elementor-element elementor-element-8561d76 elementor-widget elementor-widget-text-editor\" data-id=\"8561d76\" data-element_type=\"widget\" data-e-type=\"widget\" data-widget_type=\"text-editor.default\">\n\t\t\t\t<div class=\"elementor-widget-container\">\n\t\t\t\t\t\t\t\t\t<div class=\"elementor-element elementor-element-96e79b1 e-flex e-con-boxed e-con e-parent e-lazyloaded\" data-id=\"96e79b1\" data-element_type=\"container\"><div class=\"e-con-inner\"><div class=\"elementor-element elementor-element-d33cf11 e-con-full e-flex e-con e-child\" data-id=\"d33cf11\" data-element_type=\"container\"><div class=\"elementor-element elementor-element-93c6eb2 animated-slow elementor-widget elementor-widget-image animated fadeInLeft\" data-id=\"93c6eb2\" data-element_type=\"widget\" data-settings=\"{&quot;_animation&quot;:&quot;fadeInLeft&quot;}\" data-widget_type=\"image.default\"><div class=\"elementor-widget-container\"><img fetchpriority=\"high\" decoding=\"async\" class=\"attachment-full size-full wp-image-200\" src=\"http:\/\/www.altiyildizcam.com.tr\/wp-content\/uploads\/2024\/04\/isicam-sistemleri-v1.jpg\" sizes=\"(max-width: 510px) 100vw, 510px\" srcset=\"http:\/\/www.altiyildizcam.com.tr\/wp-content\/uploads\/2024\/04\/isicam-sistemleri-v1.jpg 510w, http:\/\/www.altiyildizcam.com.tr\/wp-content\/uploads\/2024\/04\/isicam-sistemleri-v1-300x124.jpg 300w\" alt=\"\" width=\"510\" height=\"210\" \/><\/div><\/div><\/div><div class=\"elementor-element elementor-element-a88b309 e-con-full e-flex e-con e-child\" data-id=\"a88b309\" data-element_type=\"container\"><div class=\"elementor-element elementor-element-d499ff6 animated-slow elementor-widget elementor-widget-text-editor animated fadeInRight\" data-id=\"d499ff6\" data-element_type=\"widget\" data-settings=\"{&quot;_animation&quot;:&quot;fadeInRight&quot;}\" data-widget_type=\"text-editor.default\"><div class=\"elementor-widget-container\"><div class=\"wpb_column vc_column_container vc_col-sm-6\"><div class=\"vc_column-inner \"><div class=\"wpb_wrapper \"><h3>ISICAM NED\u0130R?<\/h3><div class=\"wpb_text_column wpb_content_element \"><div class=\"wpb_wrapper\"><p>Is\u0131cam Sistemleri, \u015ei\u015fecam D\u00fczcam taraf\u0131ndan d\u00fczenli olarak denetlenen Is\u0131cam Yetkili \u00dcreticileri taraf\u0131ndan \u00fcretilen \u00e7ift cam\u0131n markas\u0131d\u0131r.<\/p><p>Is\u0131cam, iki veya daha \u00e7ok say\u0131da cam plakan\u0131n aralar\u0131nda ortam bas\u0131nc\u0131na uygun kuru hava veya gazlar\u0131 bar\u0131nd\u0131racak \u015fekilde fabrika \u015fartlar\u0131nda bir araya getirilmesi ile olu\u015fur.<\/p><ul class=\"line\"><li>Is\u0131 yal\u0131t\u0131m\u0131<\/li><li>G\u00fcne\u015f kontrol\u00fc<\/li><li>G\u00fcr\u00fclt\u00fc Kontrol\u00fc<\/li><li>Emniyet ve\/veya g\u00fcvenlik<\/li><\/ul><p>gereksinimlerinin birini ya da hepsini \u00fc\u00e7 farkl\u0131 serisi ve tercih edilecek ek \u00f6zellikler ile kar\u015f\u0131lar.<\/p><\/div><\/div><\/div><\/div><\/div><\/div><\/div><\/div><\/div><\/div><div class=\"elementor-element elementor-element-6dd6ffe e-flex e-con-boxed e-con e-parent e-lazyloaded\" data-id=\"6dd6ffe\" data-element_type=\"container\"><div class=\"e-con-inner\"><div class=\"elementor-element elementor-element-36d8aa9 e-con-full e-flex e-con e-child\" data-id=\"36d8aa9\" data-element_type=\"container\"><div class=\"elementor-element elementor-element-4af0c5d animated-slow elementor-widget elementor-widget-text-editor animated fadeInLeft\" data-id=\"4af0c5d\" data-element_type=\"widget\" data-settings=\"{&quot;_animation&quot;:&quot;fadeInLeft&quot;}\" data-widget_type=\"text-editor.default\"><div class=\"elementor-widget-container\"><div class=\"wpb_column vc_column_container vc_col-sm-6\"><div class=\"vc_column-inner \"><div class=\"wpb_wrapper \"><div class=\"wpb_text_column wpb_content_element \"><div class=\"wpb_wrapper\"><p>\u00dcretimde cam ve yan malzemelerin uygun kalitede ve miktarda kullan\u0131ld\u0131\u011f\u0131n\u0131n,<\/p><p>\u00dcretimin s\u00fcrekli olarak uygun \u015fartlarda ve modern teknolojiler kullan\u0131larak ger\u00e7ekle\u015ftirildi\u011finin g\u00fcvencesidir.<\/p><\/div><\/div><\/div><\/div><\/div><\/div><\/div><\/div><div class=\"elementor-element elementor-element-dc57562 e-con-full e-flex e-con e-child\" data-id=\"dc57562\" data-element_type=\"container\"><div class=\"elementor-element elementor-element-971ef7a animated-slow elementor-widget elementor-widget-image animated fadeInRight\" data-id=\"971ef7a\" data-element_type=\"widget\" data-settings=\"{&quot;_animation&quot;:&quot;fadeInRight&quot;}\" data-widget_type=\"image.default\"><div class=\"elementor-widget-container\"><img decoding=\"async\" class=\"attachment-large size-large wp-image-202\" src=\"http:\/\/www.altiyildizcam.com.tr\/wp-content\/uploads\/2024\/04\/isicam-sistemleri-1.jpg\" sizes=\"(max-width: 340px) 100vw, 340px\" srcset=\"http:\/\/www.altiyildizcam.com.tr\/wp-content\/uploads\/2024\/04\/isicam-sistemleri-1.jpg 340w, http:\/\/www.altiyildizcam.com.tr\/wp-content\/uploads\/2024\/04\/isicam-sistemleri-1-300x147.jpg 300w\" alt=\"\" width=\"340\" height=\"167\" \/><\/div><\/div><\/div><\/div><\/div><div class=\"elementor-element elementor-element-f2a80c0 e-grid e-con-boxed e-con e-parent e-lazyloaded\" data-id=\"f2a80c0\" data-element_type=\"container\"><div class=\"e-con-inner\"><div class=\"elementor-element elementor-element-89421c3 animated-slow elementor-position-top elementor-widget elementor-widget-image-box animated fadeInLeft\" data-id=\"89421c3\" data-element_type=\"widget\" data-settings=\"{&quot;_animation&quot;:&quot;fadeInLeft&quot;}\" data-widget_type=\"image-box.default\"><div class=\"elementor-widget-container\"><div class=\"elementor-image-box-wrapper\"><figure class=\"elementor-image-box-img\"><img decoding=\"async\" class=\"attachment-full size-full wp-image-206\" src=\"http:\/\/www.altiyildizcam.com.tr\/wp-content\/uploads\/2024\/04\/c.png\" alt=\"\" width=\"55\" height=\"55\" \/><\/figure><div class=\"elementor-image-box-content\"><h3 class=\"elementor-image-box-title\">C Serisi<\/h3><p class=\"elementor-image-box-description\">Is\u0131cam Sistemleri C Serisi Is\u0131cam g\u00fcvencesiyle \u00fcretilen standart d\u00fczeyde yal\u0131t\u0131m ve tasarruf sa\u011flayan klasik seridir.<\/p><\/div><\/div><\/div><\/div><div class=\"elementor-element elementor-element-6bebf11 animated-slow elementor-position-top elementor-widget elementor-widget-image-box animated fadeInUp\" data-id=\"6bebf11\" data-element_type=\"widget\" data-settings=\"{&quot;_animation&quot;:&quot;fadeInUp&quot;}\" data-widget_type=\"image-box.default\"><div class=\"elementor-widget-container\"><div class=\"elementor-image-box-wrapper\"><figure class=\"elementor-image-box-img\"><img loading=\"lazy\" decoding=\"async\" class=\"attachment-full size-full wp-image-207\" src=\"http:\/\/www.altiyildizcam.com.tr\/wp-content\/uploads\/2024\/04\/s.png\" alt=\"\" width=\"55\" height=\"55\" \/><\/figure><div class=\"elementor-image-box-content\"><h3 class=\"elementor-image-box-title\">S Serisi<\/h3><p class=\"elementor-image-box-description\">Is\u0131cam Sistemleri S Serisi Y\u00fcksek nitelikli \u0131s\u0131 kontrol kaplamal\u0131 \u015ei\u015fecam Low-E Cam\u2019lar\u0131 ile \u00fcretilen seridir. S\u0131radan \u00e7ift camlara g\u00f6re \u0131s\u0131 kayb\u0131n\u0131 % 50 azaltarak k\u0131\u015f\u0131n yak\u0131t masraflar\u0131n\u0131 azalt\u0131r ve enerji tasarrufu sa\u011flar.<\/p><\/div><\/div><\/div><\/div><div class=\"elementor-element elementor-element-2226a31 animated-slow elementor-position-top elementor-widget elementor-widget-image-box animated fadeInRight\" data-id=\"2226a31\" data-element_type=\"widget\" data-settings=\"{&quot;_animation&quot;:&quot;fadeInRight&quot;}\" data-widget_type=\"image-box.default\"><div class=\"elementor-widget-container\"><div class=\"elementor-image-box-wrapper\"><figure class=\"elementor-image-box-img\"><img loading=\"lazy\" decoding=\"async\" class=\"attachment-full size-full wp-image-208\" src=\"http:\/\/www.altiyildizcam.com.tr\/wp-content\/uploads\/2024\/04\/k.png\" alt=\"\" width=\"55\" height=\"55\" \/><\/figure><div class=\"elementor-image-box-content\"><h3 class=\"elementor-image-box-title\">K Serisi<\/h3><p class=\"elementor-image-box-description\">Is\u0131cam Sistemleri K Serisi Y\u00fcksek nitelikli \u0131s\u0131 ve g\u00fcne\u015f kontrol kaplamal\u0131 \u015ei\u015fecam Solar Low-E Cam\u2019lar\u0131 ile \u00fcretilen seridir. S\u0131radan \u00e7ift camlara g\u00f6re \u0131s\u0131 kayb\u0131n\u0131 % 50 azaltarak k\u0131\u015f\u0131n yak\u0131t, g\u00fcne\u015f \u0131s\u0131s\u0131n\u0131n i\u00e7eriye giri\u015fini % 40 azaltarak da yaz\u0131n klima masraflar\u0131n\u0131 azalt\u0131r ve enerji tasarrufu sa\u011flar.<\/p><\/div><\/div><\/div><\/div><\/div><\/div>\t\t\t\t\t\t\t\t<\/div>\n\t\t\t\t<\/div>\n\t\t\t\t\t<\/div>\n\t\t\t\t<\/div>\n\t\t\t\t<\/div>\n\t\t","protected":false},"excerpt":{"rendered":"<p>ISICAM NED\u0130R? Is\u0131cam Sistemleri, \u015ei\u015fecam D\u00fczcam taraf\u0131ndan d\u00fczenli olarak denetlenen Is\u0131cam Yetkili \u00dcreticileri taraf\u0131ndan \u00fcretilen \u00e7ift cam\u0131n markas\u0131d\u0131r. Is\u0131cam, iki veya daha \u00e7ok say\u0131da cam plakan\u0131n aralar\u0131nda ortam bas\u0131nc\u0131na uygun kuru hava veya gazlar\u0131 bar\u0131nd\u0131racak \u015fekilde fabrika \u015fartlar\u0131nda bir araya getirilmesi ile olu\u015fur. Is\u0131 yal\u0131t\u0131m\u0131 G\u00fcne\u015f kontrol\u00fc G\u00fcr\u00fclt\u00fc Kontrol\u00fc Emniyet ve\/veya g\u00fcvenlik gereksinimlerinin birini ya [&hellip;]<\/p>\n","protected":false},"author":1,"featured_media":0,"parent":0,"menu_order":0,"comment_status":"closed","ping_status":"closed","template":"","meta":{"footnotes":""},"class_list":["post-31","page","type-page","status-publish","hentry"],"_links":{"self":[{"href":"http:\/\/www.erfacam.com\/index.php?rest_route=\/wp\/v2\/pages\/31","targetHints":{"allow":["GET"]}}],"collection":[{"href":"http:\/\/www.erfacam.com\/index.php?rest_route=\/wp\/v2\/pages"}],"about":[{"href":"http:\/\/www.erfacam.com\/index.php?rest_route=\/wp\/v2\/types\/page"}],"author":[{"embeddable":true,"href":"http:\/\/www.erfacam.com\/index.php?rest_route=\/wp\/v2\/users\/1"}],"replies":[{"embeddable":true,"href":"http:\/\/www.erfacam.com\/index.php?rest_route=%2Fwp%2Fv2%2Fcomments&post=31"}],"version-history":[{"count":4,"href":"http:\/\/www.erfacam.com\/index.php?rest_route=\/wp\/v2\/pages\/31\/revisions"}],"predecessor-version":[{"id":68,"href":"http:\/\/www.erfacam.com\/index.php?rest_route=\/wp\/v2\/pages\/31\/revisions\/68"}],"wp:attachment":[{"href":"http:\/\/www.erfacam.com\/index.php?rest_route=%2Fwp%2Fv2%2Fmedia&parent=31"}],"curies":[{"name":"wp","href":"https:\/\/api.w.org\/{rel}","templated":true}]}}